{"id":533,"date":"2020-11-05T13:35:04","date_gmt":"2020-11-05T13:35:04","guid":{"rendered":"http:\/\/portfolio.paulrietzl.de\/?page_id=533"},"modified":"2020-11-12T12:48:38","modified_gmt":"2020-11-12T12:48:38","slug":"elementor-533","status":"publish","type":"page","link":"https:\/\/portfolio.paulrietzl.de\/?page_id=533","title":{"rendered":"Workshops"},"content":{"rendered":"\t\t<div data-elementor-type=\"wp-page\" data-elementor-id=\"533\" class=\"elementor elementor-533\">\n\t\t\t\t\t\t\t\t\t<section class=\"elementor-section elementor-top-section elementor-element elementor-element-b28cf18 elementor-section-boxed elementor-section-height-default elementor-section-height-default parallax_section_no qode_elementor_container_no qode-content-aligment-left\" data-id=\"b28cf18\" data-element_type=\"section\">\n\t\t\t\t\t\t<div class=\"elementor-container elementor-column-gap-default\">\n\t\t\t\t\t<div class=\"elementor-column elementor-col-100 elementor-top-column elementor-element elementor-element-7ba3845\" data-id=\"7ba3845\" data-element_type=\"column\">\n\t\t\t<div class=\"elementor-widget-wrap elementor-element-populated\">\n\t\t\t\t\t\t\t\t<div class=\"elementor-element elementor-element-d044fb3 elementor-widget elementor-widget-spacer\" data-id=\"d044fb3\" data-element_type=\"widget\" data-widget_type=\"spacer.default\">\n\t\t\t\t<div class=\"elementor-widget-container\">\n\t\t\t\t\t<div class=\"elementor-spacer\">\n\t\t\t<div class=\"elementor-spacer-inner\"><\/div>\n\t\t<\/div>\n\t\t\t\t<\/div>\n\t\t\t\t<\/div>\n\t\t\t\t\t<\/div>\n\t\t<\/div>\n\t\t\t\t\t\t\t<\/div>\n\t\t<\/section>\n\t\t\t\t<section class=\"elementor-section elementor-top-section elementor-element elementor-element-b00e4ad elementor-section-boxed elementor-section-height-default elementor-section-height-default parallax_section_no qode_elementor_container_no qode-content-aligment-left\" data-id=\"b00e4ad\" data-element_type=\"section\">\n\t\t\t\t\t\t<div class=\"elementor-container elementor-column-gap-default\">\n\t\t\t\t\t<div class=\"elementor-column elementor-col-100 elementor-top-column elementor-element elementor-element-d26c443\" data-id=\"d26c443\" data-element_type=\"column\">\n\t\t\t<div class=\"elementor-widget-wrap elementor-element-populated\">\n\t\t\t\t\t\t\t\t<div class=\"elementor-element elementor-element-5c485eb elementor-widget elementor-widget-heading\" data-id=\"5c485eb\" data-element_type=\"widget\" data-widget_type=\"heading.default\">\n\t\t\t\t<div class=\"elementor-widget-container\">\n\t\t\t<h2 class=\"elementor-heading-title elementor-size-default\">workshops<\/h2>\t\t<\/div>\n\t\t\t\t<\/div>\n\t\t\t\t\t<\/div>\n\t\t<\/div>\n\t\t\t\t\t\t\t<\/div>\n\t\t<\/section>\n\t\t\t\t<section class=\"elementor-section elementor-top-section elementor-element elementor-element-67ec8c0 elementor-section-boxed elementor-section-height-default elementor-section-height-default parallax_section_no qode_elementor_container_no qode-content-aligment-left\" data-id=\"67ec8c0\" data-element_type=\"section\">\n\t\t\t\t\t\t<div class=\"elementor-container elementor-column-gap-default\">\n\t\t\t\t\t<div class=\"elementor-column elementor-col-100 elementor-top-column elementor-element elementor-element-eddb142\" data-id=\"eddb142\" data-element_type=\"column\">\n\t\t\t<div class=\"elementor-widget-wrap elementor-element-populated\">\n\t\t\t\t\t\t\t\t<div class=\"elementor-element elementor-element-883e7c4 elementor-widget elementor-widget-spacer\" data-id=\"883e7c4\" data-element_type=\"widget\" data-widget_type=\"spacer.default\">\n\t\t\t\t<div class=\"elementor-widget-container\">\n\t\t\t\t\t<div class=\"elementor-spacer\">\n\t\t\t<div class=\"elementor-spacer-inner\"><\/div>\n\t\t<\/div>\n\t\t\t\t<\/div>\n\t\t\t\t<\/div>\n\t\t\t\t\t<\/div>\n\t\t<\/div>\n\t\t\t\t\t\t\t<\/div>\n\t\t<\/section>\n\t\t\t\t<section class=\"elementor-section elementor-top-section elementor-element elementor-element-535b236 elementor-section-boxed elementor-section-height-default elementor-section-height-default parallax_section_no qode_elementor_container_no qode-content-aligment-left\" data-id=\"535b236\" data-element_type=\"section\">\n\t\t\t\t\t\t<div class=\"elementor-container elementor-column-gap-default\">\n\t\t\t\t\t<div class=\"elementor-column elementor-col-100 elementor-top-column elementor-element elementor-element-669a884\" data-id=\"669a884\" data-element_type=\"column\">\n\t\t\t<div class=\"elementor-widget-wrap elementor-element-populated\">\n\t\t\t\t\t\t\t\t<div class=\"elementor-element elementor-element-580ce5e elementor-widget elementor-widget-image\" data-id=\"580ce5e\" data-element_type=\"widget\" data-widget_type=\"image.default\">\n\t\t\t\t<div class=\"elementor-widget-container\">\n\t\t\t\t\t\t\t\t\t\t\t\t\t\t\t\t<a href=\"http:\/\/portfolio.paulrietzl.de\/wp-content\/uploads\/2020\/11\/comic-workshop_1_resized.jpg\" data-elementor-open-lightbox=\"yes\" data-elementor-lightbox-title=\"comic workshop_1_resized\" data-e-action-hash=\"#elementor-action%3Aaction%3Dlightbox%26settings%3DeyJpZCI6NTYxLCJ1cmwiOiJodHRwczpcL1wvcG9ydGZvbGlvLnBhdWxyaWV0emwuZGVcL3dwLWNvbnRlbnRcL3VwbG9hZHNcLzIwMjBcLzExXC9jb21pYy13b3Jrc2hvcF8xX3Jlc2l6ZWQuanBnIn0%3D\">\n\t\t\t\t\t\t\t<img loading=\"lazy\" decoding=\"async\" width=\"1024\" height=\"527\" src=\"https:\/\/portfolio.paulrietzl.de\/wp-content\/uploads\/2020\/11\/comic-workshop_1_resized-1024x527.jpg\" class=\"attachment-large size-large wp-image-561\" alt=\"\" srcset=\"https:\/\/portfolio.paulrietzl.de\/wp-content\/uploads\/2020\/11\/comic-workshop_1_resized-1024x527.jpg 1024w, https:\/\/portfolio.paulrietzl.de\/wp-content\/uploads\/2020\/11\/comic-workshop_1_resized-300x154.jpg 300w, https:\/\/portfolio.paulrietzl.de\/wp-content\/uploads\/2020\/11\/comic-workshop_1_resized-768x396.jpg 768w, https:\/\/portfolio.paulrietzl.de\/wp-content\/uploads\/2020\/11\/comic-workshop_1_resized-700x360.jpg 700w, https:\/\/portfolio.paulrietzl.de\/wp-content\/uploads\/2020\/11\/comic-workshop_1_resized.jpg 1068w\" sizes=\"auto, (max-width: 1024px) 100vw, 1024px\" \/>\t\t\t\t\t\t\t\t<\/a>\n\t\t\t\t\t\t\t\t\t\t\t\t\t\t\t<\/div>\n\t\t\t\t<\/div>\n\t\t\t\t\t<\/div>\n\t\t<\/div>\n\t\t\t\t\t\t\t<\/div>\n\t\t<\/section>\n\t\t\t\t<section class=\"elementor-section elementor-top-section elementor-element elementor-element-256dc1c elementor-section-boxed elementor-section-height-default elementor-section-height-default parallax_section_no qode_elementor_container_no qode-content-aligment-left\" data-id=\"256dc1c\" data-element_type=\"section\">\n\t\t\t\t\t\t<div class=\"elementor-container elementor-column-gap-default\">\n\t\t\t\t\t<div class=\"elementor-column elementor-col-100 elementor-top-column elementor-element elementor-element-7c8f38b\" data-id=\"7c8f38b\" data-element_type=\"column\">\n\t\t\t<div class=\"elementor-widget-wrap elementor-element-populated\">\n\t\t\t\t\t\t\t\t<div class=\"elementor-element elementor-element-6d278f8 elementor-widget elementor-widget-spacer\" data-id=\"6d278f8\" data-element_type=\"widget\" data-widget_type=\"spacer.default\">\n\t\t\t\t<div class=\"elementor-widget-container\">\n\t\t\t\t\t<div class=\"elementor-spacer\">\n\t\t\t<div class=\"elementor-spacer-inner\"><\/div>\n\t\t<\/div>\n\t\t\t\t<\/div>\n\t\t\t\t<\/div>\n\t\t\t\t\t<\/div>\n\t\t<\/div>\n\t\t\t\t\t\t\t<\/div>\n\t\t<\/section>\n\t\t\t\t<section class=\"elementor-section elementor-top-section elementor-element elementor-element-2a3a805 elementor-section-boxed elementor-section-height-default elementor-section-height-default parallax_section_no qode_elementor_container_no qode-content-aligment-left\" data-id=\"2a3a805\" data-element_type=\"section\">\n\t\t\t\t\t\t<div class=\"elementor-container elementor-column-gap-default\">\n\t\t\t\t\t<div class=\"elementor-column elementor-col-100 elementor-top-column elementor-element elementor-element-c89c926\" data-id=\"c89c926\" data-element_type=\"column\">\n\t\t\t<div class=\"elementor-widget-wrap elementor-element-populated\">\n\t\t\t\t\t\t\t\t<div class=\"elementor-element elementor-element-4fffe70 elementor-widget elementor-widget-text-editor\" data-id=\"4fffe70\" data-element_type=\"widget\" data-widget_type=\"text-editor.default\">\n\t\t\t\t<div class=\"elementor-widget-container\">\n\t\t\t\t\t\t\t<p>Neben meiner T\u00e4tigkeit als freiberuflicher Illustrator, Comiczeichner und Grafikdesigner bin ich unregelm\u00e4\u00dfig als freier Gestaltungsdozent und Leiter von Comicworkshops f\u00fcr anerkannte Bildungseinrichtungen und freie Projekte t\u00e4tig. Die Formate reichen von Workshops \u00fcber einen Nachmittag bis zu mehrt\u00e4tigen Werkst\u00e4tten.<\/p><p>\u00a0<\/p><p>Der Ablauf beinhaltet i.d.R. eine Pr\u00e4sentation meiner Arbeit und Arbeitsweise im Stil einer Vorlesung mit anschlie\u00dfender Vorstellung und Einf\u00fchrung der Aufgabe des Workshops. Dann werden technische Grundlagen des Comics erkl\u00e4rt. Diese werden gleich in einigen praktischen \u00dcbungen umgesetzt und spielerisch nachvollzogen.<\/p><p>Schlie\u00dflich beginnt die eigentliche Arbeit. Dabei kann an\u00a0 mitgebrachten Projekten der Teilnehmer*innen oder einer gemeinsamen Aufgabe gearbeitet werden. Die Themen k\u00f6nnen von fantastischen\/fiktiven Geschichten \u00fcber Allt\u00e4gliches bis zu politischen Motiven reichen. In jedem Fall wird die Aufgabe speziell f\u00fcr jeden Workshop festgelegt und vorbereitet.<\/p><p>\u00a0<\/p><p><strong>kooperationen\/kunden<\/strong><\/p><p>Friedrich Naumann Stiftung (Br\u00fcssel) \/ Deutsche Botschaft Paris, Universit\u00e4t Stra\u00dfburg, Volkshochschule Schw\u00e4bisch-Gm\u00fcnd, Europ\u00e4ische Kinderbuchmesse Saarbr\u00fccken; Import Export\/Kunstzentrat e.V. (M\u00fcnchen); Augsburger Bildungscenter; Stadtbibliothek Augsburg; Deutsches Kulturzentrum Sibiu\/Hermannstadt (Rum\u00e4nien), Literaturwoche Donau (Ulm) \/ Aegis Buchhandlung, Literatursalon Donau e.V.; <span class=\"tlid-translation translation\" lang=\"en\"><span class=\"\" title=\"\"> Kunst h\u00e4lt Wache e.V. (Landsberg am Lech)<\/span><\/span><\/p><p>\u00a0<\/p><p>Bei Interesse an der Ausrichtung eines Workshops kontaktieren Sie mich gerne via<\/p><p>\u00a0<\/p><div>\u00a0<a href=\"mailto:kontakt@paulrietzl.de\">kontakt(at)paulrietzl.de<\/a><\/div><div>+49 (0) 176 22782568<\/div>\t\t\t\t\t\t<\/div>\n\t\t\t\t<\/div>\n\t\t\t\t\t<\/div>\n\t\t<\/div>\n\t\t\t\t\t\t\t<\/div>\n\t\t<\/section>\n\t\t\t\t<section class=\"elementor-section elementor-top-section elementor-element elementor-element-3af50fb elementor-section-boxed elementor-section-height-default elementor-section-height-default parallax_section_no qode_elementor_container_no qode-content-aligment-left\" data-id=\"3af50fb\" data-element_type=\"section\">\n\t\t\t\t\t\t<div class=\"elementor-container elementor-column-gap-default\">\n\t\t\t\t\t<div class=\"elementor-column elementor-col-100 elementor-top-column elementor-element elementor-element-ccf1b25\" data-id=\"ccf1b25\" data-element_type=\"column\">\n\t\t\t<div class=\"elementor-widget-wrap elementor-element-populated\">\n\t\t\t\t\t\t\t\t<div class=\"elementor-element elementor-element-2eecd4b elementor-widget elementor-widget-spacer\" data-id=\"2eecd4b\" data-element_type=\"widget\" data-widget_type=\"spacer.default\">\n\t\t\t\t<div class=\"elementor-widget-container\">\n\t\t\t\t\t<div class=\"elementor-spacer\">\n\t\t\t<div class=\"elementor-spacer-inner\"><\/div>\n\t\t<\/div>\n\t\t\t\t<\/div>\n\t\t\t\t<\/div>\n\t\t\t\t\t<\/div>\n\t\t<\/div>\n\t\t\t\t\t\t\t<\/div>\n\t\t<\/section>\n\t\t\t\t<section class=\"elementor-section elementor-top-section elementor-element elementor-element-8f00a57 elementor-section-boxed elementor-section-height-default elementor-section-height-default parallax_section_no qode_elementor_container_no qode-content-aligment-left\" data-id=\"8f00a57\" data-element_type=\"section\">\n\t\t\t\t\t\t<div class=\"elementor-container elementor-column-gap-default\">\n\t\t\t\t\t<div class=\"elementor-column elementor-col-100 elementor-top-column elementor-element elementor-element-fff0952\" data-id=\"fff0952\" data-element_type=\"column\">\n\t\t\t<div class=\"elementor-widget-wrap elementor-element-populated\">\n\t\t\t\t\t\t\t\t<div class=\"elementor-element elementor-element-b75c81e elementor-widget elementor-widget-text-editor\" data-id=\"b75c81e\" data-element_type=\"widget\" data-widget_type=\"text-editor.default\">\n\t\t\t\t<div class=\"elementor-widget-container\">\n\t\t\t\t\t\t\t<p><span class=\"tlid-translation translation\" lang=\"en\">In addition to my work as a freelance illustrator,\u00a0 comic artist and graphic designer, I occasionally work as a freelance design lecturer and director of comic workshops for state-recognized educational institutions on free projects. The formats range from workshops over an afternoon to workshops lasting several days.<\/span><\/p><p>\u00a0<\/p><div class=\"result-shield-container tlid-copy-target\" tabindex=\"0\"><p>The process usually includes a presentation of my work and way of working in the style of a lecture with a subsequent presentation and introduction of the task of the workshop. Then the technical basics of the comic are explained. These will be implemented in a few practical exercises and followed through playfully.<\/p><p>Finally, the real work begins. You can work on projects brought by the participants or on a joint task. The topics can range from fantastic \/ fictional stories to everyday life to political motives. In any case, the task is specifically defined and prepared for each workshop.<\/p><p>\u00a0<\/p><p><strong>cooperations \/ clients<\/strong><\/p><p><span class=\"tlid-translation translation\" lang=\"en\"><span title=\"\">Friedrich Naumann Foundation (Brussels) \/ German Embassy Paris, University of Strasbourg, Volkshochschule (Adult Education Center) Schw\u00e4bisch-Gm\u00fcnd, European Children&#8217;s Book Fair Saarbr\u00fccken;<\/span> <span title=\"\">Import Export \/ Kunstzentrat e.V. (Munich);<\/span> <span title=\"\">Augsburger Bildungscenter (Augsburg Education Center);\u00a0<\/span> <span title=\"\">Augsburg City Library;<\/span> <span class=\"\" title=\"\">German Cultural Center Sibiu \/ Hermannstadt (Romania), Literaturwoche Donau (Literature Week Danube) (Ulm) \/ Aegis Buchhandlung, Literatursalon Donau e.V.; Kunst h\u00e4lt Wache e.V. (Landsberg am Lech)<br \/><\/span><\/span><\/p><p>\u00a0<\/p><p>If you are interested in hosting a workshop, please contact me through<\/p><p>\u00a0<\/p><div>\u00a0<a href=\"mailto:kontakt@paulrietzl.de\">kontakt(at)paulrietzl.de<\/a><\/div><div>+49 (0) 176 22782568<\/div><\/div>\t\t\t\t\t\t<\/div>\n\t\t\t\t<\/div>\n\t\t\t\t\t<\/div>\n\t\t<\/div>\n\t\t\t\t\t\t\t<\/div>\n\t\t<\/section>\n\t\t\t\t\t\t\t<\/div>\n\t\t","protected":false},"excerpt":{"rendered":"<p>workshops Neben meiner T\u00e4tigkeit als freiberuflicher Illustrator, Comiczeichner und Grafikdesigner bin ich unregelm\u00e4\u00dfig als freier Gestaltungsdozent und Leiter von Comicworkshops f\u00fcr anerkannte Bildungseinrichtungen und freie Projekte t\u00e4tig. Die Formate reichen von Workshops \u00fcber einen Nachmittag bis zu mehrt\u00e4tigen Werkst\u00e4tten. \u00a0 Der Ablauf beinhaltet i.d.R. eine&#8230;<\/p>\n","protected":false},"author":1,"featured_media":0,"parent":0,"menu_order":0,"comment_status":"closed","ping_status":"closed","template":"","meta":{"footnotes":""},"class_list":["post-533","page","type-page","status-publish","hentry"],"_links":{"self":[{"href":"https:\/\/portfolio.paulrietzl.de\/index.php?rest_route=\/wp\/v2\/pages\/533","targetHints":{"allow":["GET"]}}],"collection":[{"href":"https:\/\/portfolio.paulrietzl.de\/index.php?rest_route=\/wp\/v2\/pages"}],"about":[{"href":"https:\/\/portfolio.paulrietzl.de\/index.php?rest_route=\/wp\/v2\/types\/page"}],"author":[{"embeddable":true,"href":"https:\/\/portfolio.paulrietzl.de\/index.php?rest_route=\/wp\/v2\/users\/1"}],"replies":[{"embeddable":true,"href":"https:\/\/portfolio.paulrietzl.de\/index.php?rest_route=%2Fwp%2Fv2%2Fcomments&post=533"}],"version-history":[{"count":22,"href":"https:\/\/portfolio.paulrietzl.de\/index.php?rest_route=\/wp\/v2\/pages\/533\/revisions"}],"predecessor-version":[{"id":688,"href":"https:\/\/portfolio.paulrietzl.de\/index.php?rest_route=\/wp\/v2\/pages\/533\/revisions\/688"}],"wp:attachment":[{"href":"https:\/\/portfolio.paulrietzl.de\/index.php?rest_route=%2Fwp%2Fv2%2Fmedia&parent=533"}],"curies":[{"name":"wp","href":"https:\/\/api.w.org\/{rel}","templated":true}]}}